{"id":7,"date":"2021-02-19T21:40:38","date_gmt":"2021-02-19T20:40:38","guid":{"rendered":"http:\/\/voboril.com\/bombanoviny\/?page_id=7"},"modified":"2021-02-20T12:21:55","modified_gmt":"2021-02-20T11:21:55","slug":"kontakt","status":"publish","type":"page","link":"https:\/\/voboril.com\/bombanoviny\/?page_id=7","title":{"rendered":"Kontakt"},"content":{"rendered":"\n<p>D\u011bdek \u017dlu\u0165\u00e1k<\/p>\n\n\n\n<p>zn\u00e1m\u00fd jako BOMBAD\u011aDEK<\/p>\n\n\n\n<p><\/p>\n","protected":false},"excerpt":{"rendered":"<p>D\u011bdek \u017dlu\u0165\u00e1k zn\u00e1m\u00fd jako BOMBAD\u011aDEK<\/p>\n","protected":false},"author":1,"featured_media":0,"parent":0,"menu_order":0,"comment_status":"closed","ping_status":"closed","template":"","meta":{"spay_email":""},"_links":{"self":[{"href":"https:\/\/voboril.com\/bombanoviny\/index.php?rest_route=\/wp\/v2\/pages\/7"}],"collection":[{"href":"https:\/\/voboril.com\/bombanoviny\/index.php?rest_route=\/wp\/v2\/pages"}],"about":[{"href":"https:\/\/voboril.com\/bombanoviny\/index.php?rest_route=\/wp\/v2\/types\/page"}],"author":[{"embeddable":true,"href":"https:\/\/voboril.com\/bombanoviny\/index.php?rest_route=\/wp\/v2\/users\/1"}],"replies":[{"embeddable":true,"href":"https:\/\/voboril.com\/bombanoviny\/index.php?rest_route=%2Fwp%2Fv2%2Fcomments&post=7"}],"version-history":[{"count":3,"href":"https:\/\/voboril.com\/bombanoviny\/index.php?rest_route=\/wp\/v2\/pages\/7\/revisions"}],"predecessor-version":[{"id":42,"href":"https:\/\/voboril.com\/bombanoviny\/index.php?rest_route=\/wp\/v2\/pages\/7\/revisions\/42"}],"wp:attachment":[{"href":"https:\/\/voboril.com\/bombanoviny\/index.php?rest_route=%2Fwp%2Fv2%2Fmedia&parent=7"}],"curies":[{"name":"wp","href":"https:\/\/api.w.org\/{rel}","templated":true}]}}