{"id":6,"date":"2021-02-19T21:40:38","date_gmt":"2021-02-19T20:40:38","guid":{"rendered":"http:\/\/voboril.com\/bombanoviny\/?page_id=6"},"modified":"2021-02-20T12:05:29","modified_gmt":"2021-02-20T11:05:29","slug":"o-nas","status":"publish","type":"page","link":"https:\/\/voboril.com\/bombanoviny\/?page_id=6","title":{"rendered":"O mn\u011b"},"content":{"rendered":"\n<p>Jmenuju se D\u011bdek, m\u00e1m zrzav\u00fd vlas a pr\u00e1v\u011b mi vypadaly zuby z huby. <\/p>\n\n\n\n<figure class=\"wp-block-image size-large\"><img loading=\"lazy\" width=\"768\" height=\"1024\" src=\"http:\/\/voboril.com\/bombanoviny\/wp-content\/uploads\/2021\/02\/IMG_3472-768x1024.jpg\" alt=\"\" class=\"wp-image-33\" srcset=\"https:\/\/voboril.com\/bombanoviny\/wp-content\/uploads\/2021\/02\/IMG_3472-768x1024.jpg 768w, https:\/\/voboril.com\/bombanoviny\/wp-content\/uploads\/2021\/02\/IMG_3472-225x300.jpg 225w, https:\/\/voboril.com\/bombanoviny\/wp-content\/uploads\/2021\/02\/IMG_3472-1152x1536.jpg 1152w, https:\/\/voboril.com\/bombanoviny\/wp-content\/uploads\/2021\/02\/IMG_3472-rotated.jpg 1512w\" sizes=\"(max-width: 768px) 100vw, 768px\" \/><\/figure>\n","protected":false},"excerpt":{"rendered":"<p>Jmenuju se D\u011bdek, m\u00e1m zrzav\u00fd vlas a pr\u00e1v\u011b mi vypadaly zuby z huby.<\/p>\n","protected":false},"author":1,"featured_media":0,"parent":0,"menu_order":0,"comment_status":"closed","ping_status":"closed","template":"","meta":{"spay_email":""},"_links":{"self":[{"href":"https:\/\/voboril.com\/bombanoviny\/index.php?rest_route=\/wp\/v2\/pages\/6"}],"collection":[{"href":"https:\/\/voboril.com\/bombanoviny\/index.php?rest_route=\/wp\/v2\/pages"}],"about":[{"href":"https:\/\/voboril.com\/bombanoviny\/index.php?rest_route=\/wp\/v2\/types\/page"}],"author":[{"embeddable":true,"href":"https:\/\/voboril.com\/bombanoviny\/index.php?rest_route=\/wp\/v2\/users\/1"}],"replies":[{"embeddable":true,"href":"https:\/\/voboril.com\/bombanoviny\/index.php?rest_route=%2Fwp%2Fv2%2Fcomments&post=6"}],"version-history":[{"count":5,"href":"https:\/\/voboril.com\/bombanoviny\/index.php?rest_route=\/wp\/v2\/pages\/6\/revisions"}],"predecessor-version":[{"id":34,"href":"https:\/\/voboril.com\/bombanoviny\/index.php?rest_route=\/wp\/v2\/pages\/6\/revisions\/34"}],"wp:attachment":[{"href":"https:\/\/voboril.com\/bombanoviny\/index.php?rest_route=%2Fwp%2Fv2%2Fmedia&parent=6"}],"curies":[{"name":"wp","href":"https:\/\/api.w.org\/{rel}","templated":true}]}}